{"id":46,"date":"2020-01-21T16:41:59","date_gmt":"2020-01-21T16:41:59","guid":{"rendered":"http:\/\/tvoits.com\/?page_id=46"},"modified":"2024-11-10T21:32:08","modified_gmt":"2024-11-10T20:32:08","slug":"research","status":"publish","type":"page","link":"https:\/\/tvoits.com\/index.php\/research\/","title":{"rendered":"Research"},"content":{"rendered":"\n<h2 class=\"wp-block-heading\">Selected publications*<\/h2>\n\n\n\n<ul class=\"wp-block-list\">\n<li><strong>Voits, T.<\/strong>, DeLuca, V., Hao, J., Elin, K., Abutalebi, J., Du\u00f1abeitia, J.A., Berglund, G., Gabrielsen, A., Rook, J., Thomsen, H., Waagen, P. &amp; Rothman, J. (2024) Degree of multilingual engagement modulates resting state oscillatory activity across the lifespan. <em>Neurobiology of Aging<\/em> 140, 70-80. DOI: <a href=\"https:\/\/doi.org\/10.1016\/j.neurobiolaging.2024.04.009\">10.1016\/j.neurobiolaging.2024.04.009<\/a><\/li>\n\n\n\n<li>DeLuca, V., <strong>Voits, T., <\/strong>Ni, J., Carter, F., Rahman, F., Mazaheri, A., Krott, A. &amp; Segaert, K. (2024) Mapping individual aspects of bilingual experience to adaptations in brain structure. <em>Cerebral Cortex <\/em>34(2), bhae029. DOI: <a href=\"https:\/\/doi.org\/10.1093\/cercor\/bhae029\">10.1093\/cercor\/bhae029<\/a><\/li>\n\n\n\n<li><strong>Voits, T., <\/strong>Rothman, J., Calabria, M., Robson, H., Aguirre, N., Cattaneo, G., Costumero, V., Hern\u00e1ndez, M., Juncadella Puig, M., Mar\u00edn-Mar\u00edn, L., Suades, A., Costa, A. &amp; Pliatsikas, C. (2024) Hippocampal adaptations in Mild Cognitive Impairment patients are modulated by bilingual language experiences. <em>Bilingualism: Language and Cognition <\/em>27 (2),<em> <\/em>263-273. DOI: <a href=\"https:\/\/doi.org\/10.1017\/S1366728923000354\">10.1017\/S1366728923000354<\/a><\/li>\n\n\n\n<li><strong>Voits, T.<\/strong>, DeLuca, V. &amp; Abutalebi, J. (2022) The Nuance of Bilingualism as a Reserve Contributor: Conveying Research to the Broader Neuroscience Community. <em>Front. Psychol. <\/em>13: 909266. DOI: <a href=\"https:\/\/doi.org\/10.3389\/fpsyg.2022.909266\">10.3389\/fpsyg.2022.909266<\/a><\/li>\n<\/ul>\n\n\n\n<p>*See my <a href=\"https:\/\/scholar.google.com\/citations?hl=en&amp;user=iCrHkzUAAAAJ\">Google scholar<\/a> page for a full list of peer-reviewed research output.<\/p>\n\n\n\n<h2 class=\"wp-block-heading\">Teaching experience<\/h2>\n\n\n\n<h3 class=\"wp-block-heading\">2024: University of Gothenburg<\/h3>\n\n\n\n<ol class=\"wp-block-list\">\n<li>Neuropsykologi f\u00f6r psykologer (PZ2129). Lectures.<\/li>\n\n\n\n<li>Human neuropsychology (PS2107). Lectures.<\/li>\n<\/ol>\n\n\n\n<h3 class=\"wp-block-heading\">2020-2023: UiT the Arctic University of Norway<\/h3>\n\n\n\n<ol class=\"wp-block-list\">\n<li>Psycholinguistics and Neurocognition of Multilingualism (ENG-3019). Lectures.<\/li>\n<\/ol>\n\n\n\n<h3 class=\"wp-block-heading\">2018-2020: University of Reading<\/h3>\n\n\n\n<ol class=\"wp-block-list\">\n<li>Medicine 1. (PLMM1\/PL1MED1) Introduction to Medicine (MSci and MSc in Speech and Language Therapy). Lectures. <\/li>\n\n\n\n<li>Research Methods (PY1PR &amp; PY2RM) (BSc in Psychology). Seminars. <\/li>\n<\/ol>\n\n\n\n<h3 class=\"wp-block-heading\">2015-2017: Riga Medical College of the University of Latvia<\/h3>\n\n\n\n<ol class=\"wp-block-list\">\n<li>Anatomy and Physiology (Professional Diploma in Nursing). Lectures and Seminars. <\/li>\n\n\n\n<li>Research Methods (Professional Diploma in Nursing). Lectures and Seminars<\/li>\n<\/ol>\n","protected":false},"excerpt":{"rendered":"<p>Selected publications* *See my Google scholar page for a full list of peer-reviewed research output. Teaching experience 2024: University of Gothenburg 2020-2023: UiT the Arctic University of Norway 2018-2020: University of Reading 2015-2017: Riga Medical College of the University of Latvia<\/p>\n","protected":false},"author":1,"featured_media":0,"parent":0,"menu_order":0,"comment_status":"closed","ping_status":"closed","template":"","meta":{"om_disable_all_campaigns":false,"_monsterinsights_skip_tracking":false,"_monsterinsights_sitenote_active":false,"_monsterinsights_sitenote_note":"","_monsterinsights_sitenote_category":0,"_uf_show_specific_survey":0,"_uf_disable_surveys":false,"footnotes":""},"class_list":["post-46","page","type-page","status-publish","hentry"],"aioseo_notices":[],"_links":{"self":[{"href":"https:\/\/tvoits.com\/index.php\/wp-json\/wp\/v2\/pages\/46","targetHints":{"allow":["GET"]}}],"collection":[{"href":"https:\/\/tvoits.com\/index.php\/wp-json\/wp\/v2\/pages"}],"about":[{"href":"https:\/\/tvoits.com\/index.php\/wp-json\/wp\/v2\/types\/page"}],"author":[{"embeddable":true,"href":"https:\/\/tvoits.com\/index.php\/wp-json\/wp\/v2\/users\/1"}],"replies":[{"embeddable":true,"href":"https:\/\/tvoits.com\/index.php\/wp-json\/wp\/v2\/comments?post=46"}],"version-history":[{"count":33,"href":"https:\/\/tvoits.com\/index.php\/wp-json\/wp\/v2\/pages\/46\/revisions"}],"predecessor-version":[{"id":497,"href":"https:\/\/tvoits.com\/index.php\/wp-json\/wp\/v2\/pages\/46\/revisions\/497"}],"wp:attachment":[{"href":"https:\/\/tvoits.com\/index.php\/wp-json\/wp\/v2\/media?parent=46"}],"curies":[{"name":"wp","href":"https:\/\/api.w.org\/{rel}","templated":true}]}}